{"id":48170,"date":"2022-08-14T07:47:37","date_gmt":"2022-08-14T07:47:37","guid":{"rendered":"http:\/\/masterstudy.stylemixthemes.com\/lms-plugin\/\/home-2\/"},"modified":"2024-02-09T21:47:13","modified_gmt":"2024-02-09T21:47:13","slug":"home-2","status":"publish","type":"page","link":"https:\/\/videos.montedeguadalupe.com\/","title":{"rendered":"Home"},"content":{"rendered":"\t\t<div data-elementor-type=\"wp-page\" data-elementor-id=\"48170\" class=\"elementor elementor-48170\">\n\t\t\t\t\t\t<section class=\"elementor-section elementor-top-section elementor-element elementor-element-57d2041e elementor-section-full_width elementor-section-content-middle elementor-section-height-default elementor-section-height-default\" data-id=\"57d2041e\" data-element_type=\"section\" data-settings=\"{&quot;background_background&quot;:&quot;classic&quot;,&quot;animation_tablet&quot;:&quot;fadeIn&quot;}\">\n\t\t\t\t\t\t\t<div class=\"elementor-background-overlay\"><\/div>\n\t\t\t\t\t\t\t<div class=\"elementor-container elementor-column-gap-default\">\n\t\t\t\t\t<div class=\"elementor-column elementor-col-100 elementor-top-column elementor-element elementor-element-3fef4113\" data-id=\"3fef4113\" data-element_type=\"column\" data-settings=\"{&quot;background_background&quot;:&quot;slideshow&quot;,&quot;background_slideshow_gallery&quot;:[],&quot;background_slideshow_slide_duration&quot;:5000,&quot;background_slideshow_slide_transition&quot;:&quot;fade&quot;,&quot;background_slideshow_transition_duration&quot;:500}\">\n\t\t\t<div class=\"elementor-widget-wrap elementor-element-populated\">\n\t\t\t\t\t\t<section class=\"elementor-section elementor-inner-section elementor-element elementor-element-230ec491 elementor-section-content-middle elementor-section-boxed elementor-section-height-default elementor-section-height-default\" data-id=\"230ec491\" data-element_type=\"section\">\n\t\t\t\t\t\t<div class=\"elementor-container elementor-column-gap-default\">\n\t\t\t\t\t<div class=\"elementor-column elementor-col-100 elementor-inner-column elementor-element elementor-element-496ef826\" data-id=\"496ef826\" data-element_type=\"column\">\n\t\t\t<div class=\"elementor-widget-wrap elementor-element-populated\">\n\t\t\t\t\t\t<div class=\"elementor-element elementor-element-7e98b598 elementor-widget-mobile__width-initial elementor-invisible elementor-widget elementor-widget-heading\" data-id=\"7e98b598\" data-element_type=\"widget\" data-settings=\"{&quot;_animation&quot;:&quot;fadeIn&quot;}\" data-widget_type=\"heading.default\">\n\t\t\t\t<div class=\"elementor-widget-container\">\n\t\t\t<style>\/*! elementor - v3.23.0 - 05-08-2024 *\/\n.elementor-heading-title{padding:0;margin:0;line-height:1}.elementor-widget-heading .elementor-heading-title[class*=elementor-size-]>a{color:inherit;font-size:inherit;line-height:inherit}.elementor-widget-heading .elementor-heading-title.elementor-size-small{font-size:15px}.elementor-widget-heading .elementor-heading-title.elementor-size-medium{font-size:19px}.elementor-widget-heading .elementor-heading-title.elementor-size-large{font-size:29px}.elementor-widget-heading .elementor-heading-title.elementor-size-xl{font-size:39px}.elementor-widget-heading .elementor-heading-title.elementor-size-xxl{font-size:59px}<\/style><h2 class=\"elementor-heading-title elementor-size-default\">Cursos para un mejor<br>Proceso de Valuaci\u00f3n<\/h2>\t\t<\/div>\n\t\t\t\t<\/div>\n\t\t\t\t<div class=\"elementor-element elementor-element-4ef27971 elementor-widget__width-initial elementor-widget-mobile__width-initial elementor-invisible elementor-widget elementor-widget-text-editor\" data-id=\"4ef27971\" data-element_type=\"widget\" data-settings=\"{&quot;_animation&quot;:&quot;fadeIn&quot;}\" data-widget_type=\"text-editor.default\">\n\t\t\t\t<div class=\"elementor-widget-container\">\n\t\t\t<style>\/*! elementor - v3.23.0 - 05-08-2024 *\/\n.elementor-widget-text-editor.elementor-drop-cap-view-stacked .elementor-drop-cap{background-color:#69727d;color:#fff}.elementor-widget-text-editor.elementor-drop-cap-view-framed .elementor-drop-cap{color:#69727d;border:3px solid;background-color:transparent}.elementor-widget-text-editor:not(.elementor-drop-cap-view-default) .elementor-drop-cap{margin-top:8px}.elementor-widget-text-editor:not(.elementor-drop-cap-view-default) .elementor-drop-cap-letter{width:1em;height:1em}.elementor-widget-text-editor .elementor-drop-cap{float:left;text-align:center;line-height:1;font-size:50px}.elementor-widget-text-editor .elementor-drop-cap-letter{display:inline-block}<\/style>\t\t\t\t<p>Desarrolla tus aptitudes.<\/p>\t\t\t\t\t\t<\/div>\n\t\t\t\t<\/div>\n\t\t\t\t<div class=\"elementor-element elementor-element-6c161aa4 elementor-invisible elementor-widget elementor-widget-button\" data-id=\"6c161aa4\" data-element_type=\"widget\" data-settings=\"{&quot;_animation&quot;:&quot;fadeIn&quot;}\" data-widget_type=\"button.default\">\n\t\t\t\t<div class=\"elementor-widget-container\">\n\t\t\t\t\t<div class=\"elementor-button-wrapper\">\n\t\t\t<a class=\"elementor-button elementor-button-link elementor-size-sm\" href=\"https:\/\/videos.montedeguadalupe.com\/index.php\/cuenta-del-usuario\/\">\n\t\t\t\t\t\t<span class=\"elementor-button-content-wrapper\">\n\t\t\t\t\t\t\t\t\t<span class=\"elementor-button-text\">Unete Ahora<\/span>\n\t\t\t\t\t<\/span>\n\t\t\t\t\t<\/a>\n\t\t<\/div>\n\t\t\t\t<\/div>\n\t\t\t\t<\/div>\n\t\t\t\t\t<\/div>\n\t\t<\/div>\n\t\t\t\t\t<\/div>\n\t\t<\/section>\n\t\t\t\t\t<\/div>\n\t\t<\/div>\n\t\t\t\t\t<\/div>\n\t\t<\/section>\n\t\t\t\t<section class=\"elementor-section elementor-top-section elementor-element elementor-element-37a4ff1d elementor-section-boxed elementor-section-height-default elementor-section-height-default\" data-id=\"37a4ff1d\" data-element_type=\"section\">\n\t\t\t\t\t\t<div class=\"elementor-container elementor-column-gap-default\">\n\t\t\t\t\t<div class=\"elementor-column elementor-col-100 elementor-top-column elementor-element elementor-element-5d30ca56\" data-id=\"5d30ca56\" data-element_type=\"column\">\n\t\t\t<div class=\"elementor-widget-wrap elementor-element-populated\">\n\t\t\t\t\t\t<div class=\"elementor-element elementor-element-2f86f2a2 elementor-widget elementor-widget-stm_lms_courses_carousel\" data-id=\"2f86f2a2\" data-element_type=\"widget\" data-widget_type=\"stm_lms_courses_carousel.default\">\n\t\t\t\t<div class=\"elementor-widget-container\">\n\t\t\t\n\t<div class=\"stm_lms_courses_carousel_wrapper\n\tmodule__dc02b28b48e1cc9fbeda7d45aa895836\tprev_next_\n\tstyle_2\t\">\n\t\t<div class=\"stm_lms_courses_carousel\"\n\t\t\tdata-items=\"4\"\n\t\t\tdata-offset=\"1\"\n\t\t\tdata-args='{\"per_row\":4,\"posts_per_page\":12,\"include_link\":true,\"image_size\":\"300x225\",\"course_card_style\":\"style_1\",\"img_container_height\":\"160\"}'\n\t\t\tdata-loop=\"\"\n\t\t\tdata-mouse_drag=\"enable\">\n\n\t\t\t\t\t\t\t<div class=\"stm_lms_courses_carousel__top\">\n\n\t\t\t\t\t\t\t\t\t\t\t<h3>Cursos Populares<\/h3>\n\t\t\t\t\t\n\t\t\t\t\t\n\t\t\t\t\t\t\t\t\t\t\t<a href=\"https:\/\/videos.montedeguadalupe.com\/index.php\/pagina-de-cursos\/\" class=\"h4\">\n\t\t\t\t\t\t\tVer todo\t\t\t\t\t\t\t<i class=\"stmlms-arrow-right\"><\/i>\n\t\t\t\t\t\t<\/a>\n\t\t\t\t\t\n\t\t\t\t<\/div>\n\t\t\t\n\t\t\t\t\t\t\t<div class=\"stm_lms_courses__grid stm_lms_courses__grid_4 stm_lms_courses__grid_center  stm_lms_courses__grid_found_3\"\n\t\tdata-pages=\"1\">\n\t\n\t\n<div class=\"stm_lms_courses__single stm_lms_courses__single_animation no-sale style_1 \">\n\n\t<div class=\"stm_lms_courses__single__inner\">\n\n\t\t\n<div class=\"stm_lms_courses__single--image\">\n\n\t\t<div class=\"featured-course-container\">\n\t\t\t<\/div>\n\t\n\t<a href=\"https:\/\/videos.montedeguadalupe.com\/index.php\/pagina-de-cursos\/curso-valuacion-de-oro\/\"\n\tclass=\"heading_font\"\n\tdata-preview=\"Vista previa de este curso\">\n\t\t<div class=\"stm_lms_courses__single--image__container\" data-height=160px>\n\t\t\t<img fetchpriority=\"high\" decoding=\"async\" width=\"1024\" height=\"681\" src=\"https:\/\/videos.montedeguadalupe.com\/wp-content\/uploads\/2024\/08\/joya.jpg\" class=\"attachment-300x225 size-300x225 wp-post-image\" alt=\"\" srcset=\"https:\/\/videos.montedeguadalupe.com\/wp-content\/uploads\/2024\/08\/joya.jpg 1024w, https:\/\/videos.montedeguadalupe.com\/wp-content\/uploads\/2024\/08\/joya-300x200.jpg 300w, https:\/\/videos.montedeguadalupe.com\/wp-content\/uploads\/2024\/08\/joya-768x511.jpg 768w\" sizes=\"(max-width: 1024px) 100vw, 1024px\" \/>\t\t<\/div>\n\t<\/a>\n\n<\/div>\n\n\t\t<div class=\"stm_lms_courses__single--inner\">\n\n\t\t\t\n\t<div class=\"stm_lms_courses__single--terms\">\n\t\t<div class=\"stm_lms_courses__single--term\">\n\t\t\tValuaci\u00f3n\t\t<\/div>\n\t<\/div>\n\n\t\t\t<div class=\"stm_lms_courses__single--title\">\n\t<a href=\"https:\/\/videos.montedeguadalupe.com\/index.php\/pagina-de-cursos\/curso-valuacion-de-oro\/\">\n\t\t<h5>Curso Valuacion de Oro<\/h5>\n\t<\/a>\n<\/div>\n\t\t\t\t\t\t\t<div class=\"stm_lms_courses__single--meta\">\n\t\t\t\t\t\n\n\t\t\t\t\t    <div class=\"stm_lms_courses__single--price heading_font\">\n                    <strong>Gratis<\/strong>\n            <\/div>\n\t\t\t\t<\/div>\n\t\t\t\t\n\t\t<\/div>\n\n\t\t\n<div class=\"stm_lms_courses__single--info\">\n\t\t\t<div class=\"stm_lms_courses__single--info_author\">\n\t\t\t<div class=\"stm_lms_courses__single--info_author__avatar\">\n\t\t\t\t<img alt='' src='https:\/\/secure.gravatar.com\/avatar\/dc2b14cf692b49d973d62d9b152bb22e25d9e924674d3a7dee3ff59da9415522?s=215&#038;d=mm&#038;r=g' class='avatar avatar-215 photo' height='215' width='215' \/>\t\t\t<\/div>\n\t\t\t<div class=\"stm_lms_courses__single--info_author__login\">\n\t\t\t\tadmin\t\t\t<\/div>\n\t\t<\/div>\n\t\n\t<div class=\"stm_lms_courses__single--info_title\">\n\t\t<a href=\"https:\/\/videos.montedeguadalupe.com\/index.php\/pagina-de-cursos\/curso-valuacion-de-oro\/\">\n\t\t\t<h4>Curso Valuacion de Oro<\/h4>\n\t\t<\/a>\n\t<\/div>\n\n\t<div class=\"stm_lms_courses__single--info_rate\">\n\n\t\t\n\t\t\n\t<\/div>\n\n\t<div class=\"stm_lms_courses__single--info_excerpt\">\n\t\t\t<\/div>\n\n\t<div class=\"stm_lms_courses__single--info_meta\">\n\t\t\t<div class=\"stm_lms_course__meta\">\n\t\t<i class=\"stmlms-level\"><\/i>\n\t\tIntermedio\t<\/div>\n\n\t<div class=\"stm_lms_course__meta\">\n\t\t<i class=\"stmlms-cats\"><\/i>\n\t\t6 Conferencias\t<\/div>\n\n\t<\/div>\n\n\t<div class=\"stm_lms_courses__single--info_preview\">\n\t\t<a href=\"https:\/\/videos.montedeguadalupe.com\/index.php\/pagina-de-cursos\/curso-valuacion-de-oro\/\" title=\"Curso Valuacion de Oro\" class=\"heading_font\">\n\t\t\tVista previa de este curso\t\t<\/a>\n\t<\/div>\n\n\t<div class=\"stm_lms_courses__single--info_bottom\">\n\t\t\t<div class=\"stm-lms-wishlist\">\n\t\t<a href=\"https:\/\/videos.montedeguadalupe.com\/index.php\/cuenta-del-usuario\/\">\n\t\t\t<i class=\"far fa-heart\"><\/i>\n\t\t\t<span>A\u00f1adir a la lista de deseos<\/span>\n\t\t<\/a>\n\t<\/div>\n\t\n\t\t    <div class=\"stm_lms_courses__single--price heading_font\">\n                    <strong>Gratis<\/strong>\n            <\/div>\n\t<\/div>\n\n\n<\/div>\n\n\t<\/div>\n\n<\/div>\n\n<div class=\"stm_lms_courses__single stm_lms_courses__single_animation no-sale style_1 \">\n\n\t<div class=\"stm_lms_courses__single__inner\">\n\n\t\t\n<div class=\"stm_lms_courses__single--image\">\n\n\t\t<div class=\"featured-course-container\">\n\t\t\t<\/div>\n\t\n\t<a href=\"https:\/\/videos.montedeguadalupe.com\/index.php\/pagina-de-cursos\/procesos-administrativos\/\"\n\tclass=\"heading_font\"\n\tdata-preview=\"Vista previa de este curso\">\n\t\t<div class=\"stm_lms_courses__single--image__container\" data-height=160px>\n\t\t\t<img decoding=\"async\" width=\"800\" height=\"450\" src=\"https:\/\/videos.montedeguadalupe.com\/wp-content\/uploads\/2024\/02\/3ad192abf52607a4d7316bd504c2942f.jpg\" class=\"attachment-300x225 size-300x225 wp-post-image\" alt=\"\" srcset=\"https:\/\/videos.montedeguadalupe.com\/wp-content\/uploads\/2024\/02\/3ad192abf52607a4d7316bd504c2942f.jpg 800w, https:\/\/videos.montedeguadalupe.com\/wp-content\/uploads\/2024\/02\/3ad192abf52607a4d7316bd504c2942f-300x169.jpg 300w, https:\/\/videos.montedeguadalupe.com\/wp-content\/uploads\/2024\/02\/3ad192abf52607a4d7316bd504c2942f-768x432.jpg 768w\" sizes=\"(max-width: 800px) 100vw, 800px\" \/>\t\t<\/div>\n\t<\/a>\n\n<\/div>\n\n\t\t<div class=\"stm_lms_courses__single--inner\">\n\n\t\t\t\n\t<div class=\"stm_lms_courses__single--terms\">\n\t\t<div class=\"stm_lms_courses__single--term\">\n\t\t\tProcesos\t\t<\/div>\n\t<\/div>\n\n\t\t\t<div class=\"stm_lms_courses__single--title\">\n\t<a href=\"https:\/\/videos.montedeguadalupe.com\/index.php\/pagina-de-cursos\/procesos-administrativos\/\">\n\t\t<h5>Procesos Administrativos<\/h5>\n\t<\/a>\n<\/div>\n\t\t\t\t\t\t\t<div class=\"stm_lms_courses__single--meta\">\n\t\t\t\t\t\n\n\t\t\t\t\t    <div class=\"stm_lms_courses__single--price heading_font\">\n                    <strong>Gratis<\/strong>\n            <\/div>\n\t\t\t\t<\/div>\n\t\t\t\t\n\t\t<\/div>\n\n\t\t\n<div class=\"stm_lms_courses__single--info\">\n\t\t\t<div class=\"stm_lms_courses__single--info_author\">\n\t\t\t<div class=\"stm_lms_courses__single--info_author__avatar\">\n\t\t\t\t<img alt='' src='https:\/\/secure.gravatar.com\/avatar\/dc2b14cf692b49d973d62d9b152bb22e25d9e924674d3a7dee3ff59da9415522?s=215&#038;d=mm&#038;r=g' class='avatar avatar-215 photo' height='215' width='215' \/>\t\t\t<\/div>\n\t\t\t<div class=\"stm_lms_courses__single--info_author__login\">\n\t\t\t\tadmin\t\t\t<\/div>\n\t\t<\/div>\n\t\n\t<div class=\"stm_lms_courses__single--info_title\">\n\t\t<a href=\"https:\/\/videos.montedeguadalupe.com\/index.php\/pagina-de-cursos\/procesos-administrativos\/\">\n\t\t\t<h4>Procesos Administrativos<\/h4>\n\t\t<\/a>\n\t<\/div>\n\n\t<div class=\"stm_lms_courses__single--info_rate\">\n\n\t\t\n\t\t\n\t<\/div>\n\n\t<div class=\"stm_lms_courses__single--info_excerpt\">\n\t\t\t<\/div>\n\n\t<div class=\"stm_lms_courses__single--info_meta\">\n\t\t\n\t<div class=\"stm_lms_course__meta\">\n\t\t<i class=\"stmlms-cats\"><\/i>\n\t\t1 Conferencias\t<\/div>\n\n\t<\/div>\n\n\t<div class=\"stm_lms_courses__single--info_preview\">\n\t\t<a href=\"https:\/\/videos.montedeguadalupe.com\/index.php\/pagina-de-cursos\/procesos-administrativos\/\" title=\"Procesos Administrativos\" class=\"heading_font\">\n\t\t\tVista previa de este curso\t\t<\/a>\n\t<\/div>\n\n\t<div class=\"stm_lms_courses__single--info_bottom\">\n\t\t\t<div class=\"stm-lms-wishlist\">\n\t\t<a href=\"https:\/\/videos.montedeguadalupe.com\/index.php\/cuenta-del-usuario\/\">\n\t\t\t<i class=\"far fa-heart\"><\/i>\n\t\t\t<span>A\u00f1adir a la lista de deseos<\/span>\n\t\t<\/a>\n\t<\/div>\n\t\n\t\t    <div class=\"stm_lms_courses__single--price heading_font\">\n                    <strong>Gratis<\/strong>\n            <\/div>\n\t<\/div>\n\n\n<\/div>\n\n\t<\/div>\n\n<\/div>\n\n<div class=\"stm_lms_courses__single stm_lms_courses__single_animation no-sale style_1 is_featured\">\n\n\t<div class=\"stm_lms_courses__single__inner\">\n\n\t\t\n<div class=\"stm_lms_courses__single--image\">\n\n\t\t<div class=\"featured-course-container\">\n\t\t\t\t\t<div class=\"elab_is_featured_product\">Destacado<\/div>\n\t\t\t<\/div>\n\t\t\t<div class=\"stm_lms_post_status heading_font hot\">\n\t\t\tDestacado\t\t<\/div>\n\t\n\t<a href=\"https:\/\/videos.montedeguadalupe.com\/index.php\/pagina-de-cursos\/revision-de-telefonia\/\"\n\tclass=\"heading_font\"\n\tdata-preview=\"Vista previa de este curso\">\n\t\t<div class=\"stm_lms_courses__single--image__container\" data-height=160px>\n\t\t\t<img decoding=\"async\" width=\"1706\" height=\"960\" src=\"https:\/\/videos.montedeguadalupe.com\/wp-content\/uploads\/2023\/08\/el_androide_libre_254989569_179882213_1706x960.webp\" class=\"attachment-300x225 size-300x225 wp-post-image\" alt=\"\" srcset=\"https:\/\/videos.montedeguadalupe.com\/wp-content\/uploads\/2023\/08\/el_androide_libre_254989569_179882213_1706x960.webp 1706w, https:\/\/videos.montedeguadalupe.com\/wp-content\/uploads\/2023\/08\/el_androide_libre_254989569_179882213_1706x960-300x169.webp 300w, https:\/\/videos.montedeguadalupe.com\/wp-content\/uploads\/2023\/08\/el_androide_libre_254989569_179882213_1706x960-1024x576.webp 1024w, https:\/\/videos.montedeguadalupe.com\/wp-content\/uploads\/2023\/08\/el_androide_libre_254989569_179882213_1706x960-768x432.webp 768w, https:\/\/videos.montedeguadalupe.com\/wp-content\/uploads\/2023\/08\/el_androide_libre_254989569_179882213_1706x960-1536x864.webp 1536w\" sizes=\"(max-width: 1706px) 100vw, 1706px\" \/>\t\t<\/div>\n\t<\/a>\n\n<\/div>\n\n\t\t<div class=\"stm_lms_courses__single--inner\">\n\n\t\t\t\n\t<div class=\"stm_lms_courses__single--terms\">\n\t\t<div class=\"stm_lms_courses__single--term\">\n\t\t\tElectronicos\t\t<\/div>\n\t<\/div>\n\n\t\t\t<div class=\"stm_lms_courses__single--title\">\n\t<a href=\"https:\/\/videos.montedeguadalupe.com\/index.php\/pagina-de-cursos\/revision-de-telefonia\/\">\n\t\t<h5>Revisi\u00f3n de  Telefon\u00eda<\/h5>\n\t<\/a>\n<\/div>\n\t\t\t\t\t\t\t<div class=\"stm_lms_courses__single--meta\">\n\t\t\t\t\t\n\n\t\t\t\t\t    <div class=\"stm_lms_courses__single--price heading_font\">\n                    <strong>Gratis<\/strong>\n            <\/div>\n\t\t\t\t<\/div>\n\t\t\t\t\n\t\t<\/div>\n\n\t\t\n<div class=\"stm_lms_courses__single--info\">\n\t\t\t<div class=\"stm_lms_courses__single--info_author\">\n\t\t\t<div class=\"stm_lms_courses__single--info_author__avatar\">\n\t\t\t\t<img alt='' src='https:\/\/secure.gravatar.com\/avatar\/dc2b14cf692b49d973d62d9b152bb22e25d9e924674d3a7dee3ff59da9415522?s=215&#038;d=mm&#038;r=g' class='avatar avatar-215 photo' height='215' width='215' \/>\t\t\t<\/div>\n\t\t\t<div class=\"stm_lms_courses__single--info_author__login\">\n\t\t\t\tadmin\t\t\t<\/div>\n\t\t<\/div>\n\t\n\t<div class=\"stm_lms_courses__single--info_title\">\n\t\t<a href=\"https:\/\/videos.montedeguadalupe.com\/index.php\/pagina-de-cursos\/revision-de-telefonia\/\">\n\t\t\t<h4>Revisi\u00f3n de  Telefon\u00eda<\/h4>\n\t\t<\/a>\n\t<\/div>\n\n\t<div class=\"stm_lms_courses__single--info_rate\">\n\n\t\t\n\t\t\n\t<\/div>\n\n\t<div class=\"stm_lms_courses__single--info_excerpt\">\n\t\t\t<\/div>\n\n\t<div class=\"stm_lms_courses__single--info_meta\">\n\t\t\t<div class=\"stm_lms_course__meta\">\n\t\t<i class=\"stmlms-level\"><\/i>\n\t\tIntermedio\t<\/div>\n\n\t<div class=\"stm_lms_course__meta\">\n\t\t<i class=\"stmlms-cats\"><\/i>\n\t\t6 Conferencias\t<\/div>\n\n\t<\/div>\n\n\t<div class=\"stm_lms_courses__single--info_preview\">\n\t\t<a href=\"https:\/\/videos.montedeguadalupe.com\/index.php\/pagina-de-cursos\/revision-de-telefonia\/\" title=\"Revisi\u00f3n de  Telefon\u00eda\" class=\"heading_font\">\n\t\t\tVista previa de este curso\t\t<\/a>\n\t<\/div>\n\n\t<div class=\"stm_lms_courses__single--info_bottom\">\n\t\t\t<div class=\"stm-lms-wishlist\">\n\t\t<a href=\"https:\/\/videos.montedeguadalupe.com\/index.php\/cuenta-del-usuario\/\">\n\t\t\t<i class=\"far fa-heart\"><\/i>\n\t\t\t<span>A\u00f1adir a la lista de deseos<\/span>\n\t\t<\/a>\n\t<\/div>\n\t\n\t\t    <div class=\"stm_lms_courses__single--price heading_font\">\n                    <strong>Gratis<\/strong>\n            <\/div>\n\t<\/div>\n\n\n<\/div>\n\n\t<\/div>\n\n<\/div>\n\t\t<\/div>\n\n\t\t\t\t\t\t\t<div class=\"stm_lms_courses_carousel__buttons\">\n\t\t\t\t\t<div class=\"stm_lms_courses_carousel__button stm_lms_courses_carousel__button_prev sbc_h sbrc_h\">\n\t\t\t\t\t\t<i class=\"fa fa-chevron-left\"><\/i>\n\t\t\t\t\t<\/div>\n\t\t\t\t\t<div class=\"stm_lms_courses_carousel__button stm_lms_courses_carousel__button_next sbc_h sbrc_h\">\n\t\t\t\t\t\t<i class=\"fa fa-chevron-right\"><\/i>\n\t\t\t\t\t<\/div>\n\t\t\t\t<\/div>\n\t\t\t\t\t<\/div>\n\t<\/div>\n\t\t\t<\/div>\n\t\t\t\t<\/div>\n\t\t\t\t\t<\/div>\n\t\t<\/div>\n\t\t\t\t\t<\/div>\n\t\t<\/section>\n\t\t\t\t<\/div>\n\t\t","protected":false},"excerpt":{"rendered":"<p>Cursos para un mejorProceso de Valuaci\u00f3n Desarrolla tus aptitudes. Unete Ahora Cursos Populares Ver todo Destacado Destacado Electronicos Revisi\u00f3n de Telefon\u00eda Gratis admin Revisi\u00f3n de Telefon\u00eda Intermedio 6 Conferencias Vista previa de este curso A\u00f1adir a la lista de deseos Gratis<\/p>\n","protected":false},"author":1,"featured_media":0,"parent":0,"menu_order":0,"comment_status":"closed","ping_status":"closed","template":"elementor_header_footer","meta":{"footnotes":""},"class_list":["post-48170","page","type-page","status-publish","hentry"],"_links":{"self":[{"href":"https:\/\/videos.montedeguadalupe.com\/index.php\/wp-json\/wp\/v2\/pages\/48170","targetHints":{"allow":["GET"]}}],"collection":[{"href":"https:\/\/videos.montedeguadalupe.com\/index.php\/wp-json\/wp\/v2\/pages"}],"about":[{"href":"https:\/\/videos.montedeguadalupe.com\/index.php\/wp-json\/wp\/v2\/types\/page"}],"author":[{"embeddable":true,"href":"https:\/\/videos.montedeguadalupe.com\/index.php\/wp-json\/wp\/v2\/users\/1"}],"replies":[{"embeddable":true,"href":"https:\/\/videos.montedeguadalupe.com\/index.php\/wp-json\/wp\/v2\/comments?post=48170"}],"version-history":[{"count":13,"href":"https:\/\/videos.montedeguadalupe.com\/index.php\/wp-json\/wp\/v2\/pages\/48170\/revisions"}],"predecessor-version":[{"id":49126,"href":"https:\/\/videos.montedeguadalupe.com\/index.php\/wp-json\/wp\/v2\/pages\/48170\/revisions\/49126"}],"wp:attachment":[{"href":"https:\/\/videos.montedeguadalupe.com\/index.php\/wp-json\/wp\/v2\/media?parent=48170"}],"curies":[{"name":"wp","href":"https:\/\/api.w.org\/{rel}","templated":true}]}}